{"id":44,"date":"2016-02-04T20:48:37","date_gmt":"2016-02-04T20:48:37","guid":{"rendered":"http:\/\/listagil.is\/?page_id=44"},"modified":"2025-07-10T19:15:38","modified_gmt":"2025-07-10T19:15:38","slug":"frettir","status":"publish","type":"page","link":"https:\/\/listagil.is\/?page_id=44","title":{"rendered":"Deiglan"},"content":{"rendered":"<p><img loading=\"lazy\" decoding=\"async\" class=\"size-medium wp-image-773 alignright\" src=\"http:\/\/listagil.is\/wp-content\/uploads\/2016\/02\/20246306_1540075996044928_5150415877911757961_n-300x300.jpg\" alt=\"\" width=\"300\" height=\"300\" srcset=\"https:\/\/listagil.is\/wp-content\/uploads\/2016\/02\/20246306_1540075996044928_5150415877911757961_n-300x300.jpg 300w, https:\/\/listagil.is\/wp-content\/uploads\/2016\/02\/20246306_1540075996044928_5150415877911757961_n-150x150.jpg 150w, https:\/\/listagil.is\/wp-content\/uploads\/2016\/02\/20246306_1540075996044928_5150415877911757961_n-768x768.jpg 768w, https:\/\/listagil.is\/wp-content\/uploads\/2016\/02\/20246306_1540075996044928_5150415877911757961_n-160x160.jpg 160w, https:\/\/listagil.is\/wp-content\/uploads\/2016\/02\/20246306_1540075996044928_5150415877911757961_n-320x320.jpg 320w, https:\/\/listagil.is\/wp-content\/uploads\/2016\/02\/20246306_1540075996044928_5150415877911757961_n.jpg 960w\" sizes=\"auto, (max-width: 300px) 100vw, 300px\" \/><\/p>\n<p>Deiglan er fj\u00f6lnota r\u00fdmi, tilvali\u00f0 fyrir \u00fdmsa menningarvi\u00f0bur\u00f0i.<br \/>\nEf \u00fei\u00f0 hafi\u00f0 \u00e1huga \u00e1 a\u00f0 leigja sal Deiglunnar, sendi\u00f0 fyrirspurn \u00e1 gilfelag@listagil.is &#8211;\u00a0H\u00e6gt er a\u00f0 sj\u00e1 lausar dagsetningar undir <a href=\"http:\/\/listagil.is\/?page_id=962\">Vi\u00f0bur\u00f0ir og opnunart\u00edmar.<\/a><\/p>\n<p>Vegna \u00e1s\u00f3knar er alla jafna ekki h\u00e6gt a\u00f0 b\u00f3ka lengri t\u00edmasetningar en 2\u00a0helgar yfir sumart\u00edmann (j\u00fan\u00ed &#8211; \u00e1g\u00fast).<\/p>\n<p>Gjaldskr\u00e1 er hugsu\u00f0 fyrir menningarvi\u00f0bur\u00f0i \u00e1n a\u00f0gangseyris. Hafi\u00f0 samband vi\u00f0 <a href=\"mailto:gilfelag@listagil.is\">gilfelag@listagil.is<\/a> fyrir a\u00f0ra starfsemi og lengri t\u00edma leigu.<\/p>\n<p>A\u00f0eins er leiga \u00e1 sal innifali\u00f0, a\u00f0ili s\u00e9r um opnun, augl\u00fdsingar og tiltekt. Salnum skal vera skila\u00f0 \u00ed sama \u00e1sigkomulagi og hann var vi\u00f0 m\u00f3tt\u00f6ku. \u00dea\u00f0 \u00e1 vi\u00f0 h\u00fasg\u00f6gn, \u00e1stand veggja og ef lj\u00f3s eru f\u00e6r\u00f0.<\/p>\n<dl>\n<dd>\n<table>\n<tbody>\n<tr>\n<td><span style=\"font-weight: 400;\">T\u00edmabil<\/span><\/td>\n<td><span style=\"font-weight: 400;\">F\u00e9lagsmenn*<\/span><\/td>\n<td><span style=\"font-weight: 400;\">Menningarvi\u00f0bur\u00f0ir \u00e1n a\u00f0gangseyris<\/span><\/td>\n<td><span style=\"font-weight: 400;\">A\u00f0rir<\/span><\/td>\n<\/tr>\n<tr>\n<td><span style=\"font-weight: 400;\">1 dagur &#8211; helgi<\/span><\/td>\n<td>8.000<\/td>\n<td><span style=\"font-weight: 400;\">18.000<\/span><\/td>\n<td><span style=\"font-weight: 400;\">40.000<\/span><\/td>\n<\/tr>\n<tr>\n<td><span style=\"font-weight: 400;\">1 dagur &#8211; virkur<\/span><\/td>\n<td><span style=\"font-weight: 400;\">8.000<\/span><\/td>\n<td><span style=\"font-weight: 400;\">15<\/span><span style=\"font-weight: 400;\">.000<\/span><\/td>\n<td><span style=\"font-weight: 400;\">30.000<\/span><\/td>\n<\/tr>\n<tr>\n<td><span style=\"font-weight: 400;\">Helgi &#8211; f\u00f6s til sun<\/span><\/td>\n<td>15.000<\/td>\n<td><span style=\"font-weight: 400;\">30.000<\/span><\/td>\n<td><span style=\"font-weight: 400;\">60.000<\/span><\/td>\n<\/tr>\n<tr>\n<td><span style=\"font-weight: 400;\">Tv\u00e6r helgar**<\/span><\/td>\n<td><span style=\"font-weight: 400;\">20.000<\/span><\/td>\n<td><span style=\"font-weight: 400;\">40.000<\/span><\/td>\n<td><span style=\"font-weight: 400;\">80.000<\/span><\/td>\n<\/tr>\n<tr>\n<td><span style=\"font-weight: 400;\">Vika &#8211; m\u00e1n til sun<\/span><\/td>\n<td><span style=\"font-weight: 400;\">20.000<\/span><\/td>\n<td><span style=\"font-weight: 400;\">50.000<\/span><\/td>\n<td><span style=\"font-weight: 400;\">90.000<\/span><\/td>\n<\/tr>\n<\/tbody>\n<\/table>\n<\/dd>\n<\/dl>\n<p>*Vilji vi\u00f0komandi hafa opi\u00f0 \u00e1 milli virka daga er \u00fea\u00f0 \u00ed bo\u00f0i en salurinn g\u00e6ti veri\u00f0 n\u00fdttur \u00ed a\u00f0ra starfsemi, t.d. fundi.<\/p>\n<p>** F\u00e9lagsma\u00f0ur \u00fearf a\u00f0 hafa greitt f\u00e9lagsgj\u00f6ld \u00e1 \u00e1rinu. Allir eru velkomnir a\u00f0 gerast f\u00e9lagar, hven\u00e6r sem er, \u00e1rgjald er 3.500 kr. fyrir starfs\u00e1ri\u00f0 2020\/21. Mi\u00f0a\u00f0 er vi\u00f0 menningarvi\u00f0bur\u00f0i \u00e1n a\u00f0gangseyri, annars er teki\u00f0 gjald af 10% af tekjum, upp a\u00f0 30.000 kr. t.d. t\u00f3nleikum, gj\u00f6rningum og s\u00f6lus\u00fdningum. Einnig getum vi\u00f0 bo\u00f0i\u00f0 upp \u00e1 a\u00f0st\u00f6\u00f0u til \u00e6finga og fundi\/samkomur sem efla menningu.\u00a0\u00a0\u00cd kynningu \u00e1 vi\u00f0bur\u00f0um skal koma fram logo Gilf\u00e9lagsins og\/e\u00f0a teki\u00f0 fram a\u00f0 Gilf\u00e9lagi\u00f0 s\u00e9 samstarfsa\u00f0ili.<br \/>\n<img loading=\"lazy\" decoding=\"async\" class=\"alignnone wp-image-805 size-medium\" title=\"Listh\u00fas residency\" src=\"http:\/\/listagil.is\/wp-content\/uploads\/2016\/02\/Listhus-2-300x199.png\" alt=\"\" width=\"300\" height=\"199\" srcset=\"https:\/\/listagil.is\/wp-content\/uploads\/2016\/02\/Listhus-2-300x199.png 300w, https:\/\/listagil.is\/wp-content\/uploads\/2016\/02\/Listhus-2-768x509.png 768w, https:\/\/listagil.is\/wp-content\/uploads\/2016\/02\/Listhus-2-1024x679.png 1024w, https:\/\/listagil.is\/wp-content\/uploads\/2016\/02\/Listhus-2.png 1686w\" sizes=\"auto, (max-width: 300px) 100vw, 300px\" \/>\u00a0<img loading=\"lazy\" decoding=\"async\" class=\"alignnone wp-image-802 size-medium\" title=\"J\u00f3n\u00edna Bj\u00f6rg ogHer\u00f0ubrei\u00f0\" src=\"http:\/\/listagil.is\/wp-content\/uploads\/2016\/02\/20170818_155633-300x169.jpg\" alt=\"\" width=\"300\" height=\"169\" srcset=\"https:\/\/listagil.is\/wp-content\/uploads\/2016\/02\/20170818_155633-300x169.jpg 300w, https:\/\/listagil.is\/wp-content\/uploads\/2016\/02\/20170818_155633-768x432.jpg 768w, https:\/\/listagil.is\/wp-content\/uploads\/2016\/02\/20170818_155633-1024x576.jpg 1024w\" sizes=\"auto, (max-width: 300px) 100vw, 300px\" \/>\u00a0<img loading=\"lazy\" decoding=\"async\" class=\"alignnone wp-image-803 size-medium\" title=\"S\u00f6ngf\u00e9lagi\u00f0 \u00dej\u00f3\u00f0\u00ferif\" src=\"http:\/\/listagil.is\/wp-content\/uploads\/2016\/02\/SongfelagidThjodthrif-300x225.jpg\" alt=\"\" width=\"300\" height=\"225\" srcset=\"https:\/\/listagil.is\/wp-content\/uploads\/2016\/02\/SongfelagidThjodthrif-300x225.jpg 300w, https:\/\/listagil.is\/wp-content\/uploads\/2016\/02\/SongfelagidThjodthrif-768x576.jpg 768w, https:\/\/listagil.is\/wp-content\/uploads\/2016\/02\/SongfelagidThjodthrif.jpg 960w\" sizes=\"auto, (max-width: 300px) 100vw, 300px\" \/><\/p>\n<p><img loading=\"lazy\" decoding=\"async\" class=\"alignnone wp-image-804 size-medium\" title=\"Sirkusn\u00e1mskei\u00f0 H\u00fallad\u00fallunar\" src=\"http:\/\/listagil.is\/wp-content\/uploads\/2016\/02\/hulladullan2017-300x200.jpg\" alt=\"\" width=\"300\" height=\"200\" srcset=\"https:\/\/listagil.is\/wp-content\/uploads\/2016\/02\/hulladullan2017-300x200.jpg 300w, https:\/\/listagil.is\/wp-content\/uploads\/2016\/02\/hulladullan2017-768x512.jpg 768w, https:\/\/listagil.is\/wp-content\/uploads\/2016\/02\/hulladullan2017-1024x683.jpg 1024w, https:\/\/listagil.is\/wp-content\/uploads\/2016\/02\/hulladullan2017.jpg 1500w\" sizes=\"auto, (max-width: 300px) 100vw, 300px\" \/>\u00a0<img loading=\"lazy\" decoding=\"async\" class=\"alignnone size-medium wp-image-635\" src=\"http:\/\/listagil.is\/wp-content\/uploads\/2016\/02\/Screen-Shot-2017-02-11-at-1.57.51-PM-300x200.png\" alt=\"\" width=\"300\" height=\"200\" srcset=\"https:\/\/listagil.is\/wp-content\/uploads\/2016\/02\/Screen-Shot-2017-02-11-at-1.57.51-PM-300x200.png 300w, https:\/\/listagil.is\/wp-content\/uploads\/2016\/02\/Screen-Shot-2017-02-11-at-1.57.51-PM-768x513.png 768w, https:\/\/listagil.is\/wp-content\/uploads\/2016\/02\/Screen-Shot-2017-02-11-at-1.57.51-PM.png 844w\" sizes=\"auto, (max-width: 300px) 100vw, 300px\" \/>\u00a0<img loading=\"lazy\" decoding=\"async\" class=\"alignnone wp-image-809 size-medium\" title=\"Philosophical Garden\" src=\"http:\/\/listagil.is\/wp-content\/uploads\/2016\/02\/PhilosophicalGardenLaulukkarila-300x200.jpg\" alt=\"\" width=\"300\" height=\"200\" srcset=\"https:\/\/listagil.is\/wp-content\/uploads\/2016\/02\/PhilosophicalGardenLaulukkarila-300x200.jpg 300w, https:\/\/listagil.is\/wp-content\/uploads\/2016\/02\/PhilosophicalGardenLaulukkarila-768x512.jpg 768w, https:\/\/listagil.is\/wp-content\/uploads\/2016\/02\/PhilosophicalGardenLaulukkarila-1024x683.jpg 1024w\" sizes=\"auto, (max-width: 300px) 100vw, 300px\" \/><\/p>\n<p><a href=\"http:\/\/listagil.is\/wp-content\/uploads\/2016\/02\/Deiglanteikningmedmalum.jpg\"><img loading=\"lazy\" decoding=\"async\" class=\"alignnone wp-image-526 size-large\" src=\"http:\/\/listagil.is\/wp-content\/uploads\/2016\/02\/Deiglanteikningmedmalum-e1509462570436-1024x874.jpg\" alt=\"\" width=\"1024\" height=\"874\" srcset=\"https:\/\/listagil.is\/wp-content\/uploads\/2016\/02\/Deiglanteikningmedmalum-e1509462570436-1024x874.jpg 1024w, https:\/\/listagil.is\/wp-content\/uploads\/2016\/02\/Deiglanteikningmedmalum-e1509462570436-300x256.jpg 300w, https:\/\/listagil.is\/wp-content\/uploads\/2016\/02\/Deiglanteikningmedmalum-e1509462570436-768x656.jpg 768w, https:\/\/listagil.is\/wp-content\/uploads\/2016\/02\/Deiglanteikningmedmalum-e1509462570436.jpg 2048w\" sizes=\"auto, (max-width: 1024px) 100vw, 1024px\" \/><\/a><\/p>\n","protected":false},"excerpt":{"rendered":"<p>Deiglan er fj\u00f6lnota r\u00fdmi, tilvali\u00f0 fyrir \u00fdmsa menningarvi\u00f0bur\u00f0i. Ef \u00fei\u00f0 hafi\u00f0 \u00e1huga \u00e1 a\u00f0 leigja sal Deiglunnar, sendi\u00f0 fyrirspurn \u00e1 gilfelag@listagil.is &#8211;\u00a0H\u00e6gt er a\u00f0 sj\u00e1 lausar dagsetningar undir Vi\u00f0bur\u00f0ir og opnunart\u00edmar. Vegna \u00e1s\u00f3knar er alla jafna ekki h\u00e6gt&#46;&#46;&#46;<\/p>\n","protected":false},"author":1,"featured_media":526,"parent":0,"menu_order":0,"comment_status":"closed","ping_status":"closed","template":"","meta":{"_exactmetrics_skip_tracking":false,"_exactmetrics_sitenote_active":false,"_exactmetrics_sitenote_note":"","_exactmetrics_sitenote_category":0,"footnotes":""},"class_list":["post-44","page","type-page","status-publish","has-post-thumbnail","hentry"],"_links":{"self":[{"href":"https:\/\/listagil.is\/index.php?rest_route=\/wp\/v2\/pages\/44","targetHints":{"allow":["GET"]}}],"collection":[{"href":"https:\/\/listagil.is\/index.php?rest_route=\/wp\/v2\/pages"}],"about":[{"href":"https:\/\/listagil.is\/index.php?rest_route=\/wp\/v2\/types\/page"}],"author":[{"embeddable":true,"href":"https:\/\/listagil.is\/index.php?rest_route=\/wp\/v2\/users\/1"}],"replies":[{"embeddable":true,"href":"https:\/\/listagil.is\/index.php?rest_route=%2Fwp%2Fv2%2Fcomments&post=44"}],"version-history":[{"count":28,"href":"https:\/\/listagil.is\/index.php?rest_route=\/wp\/v2\/pages\/44\/revisions"}],"predecessor-version":[{"id":4506,"href":"https:\/\/listagil.is\/index.php?rest_route=\/wp\/v2\/pages\/44\/revisions\/4506"}],"wp:featuredmedia":[{"embeddable":true,"href":"https:\/\/listagil.is\/index.php?rest_route=\/wp\/v2\/media\/526"}],"wp:attachment":[{"href":"https:\/\/listagil.is\/index.php?rest_route=%2Fwp%2Fv2%2Fmedia&parent=44"}],"curies":[{"name":"wp","href":"https:\/\/api.w.org\/{rel}","templated":true}]}}