{"id":425,"date":"2016-09-20T12:02:25","date_gmt":"2016-09-20T12:02:25","guid":{"rendered":"http:\/\/listagil.is\/?page_id=425"},"modified":"2017-04-30T21:12:39","modified_gmt":"2017-04-30T21:12:39","slug":"log-gilfelagsins","status":"publish","type":"page","link":"https:\/\/listagil.is\/?page_id=425","title":{"rendered":"L\u00f6g Gilf\u00e9lagsins"},"content":{"rendered":"<p align=\"CENTER\"><span style=\"font-size: large;\"><b>L\u00d6G GILF\u00c9LAGSINS<\/b><\/span><\/p>\n<p align=\"CENTER\"><span style=\"font-size: large;\"><b>SAM\u00deYKKT \u00c1 A\u00d0ALFUNDI 20.06.92 OG ME\u00d0 SAM\u00deYKKTUM BREYTINGUM S\u00cd\u00d0ARI A\u00d0ALFUNDA, S\u00cd\u00d0AST 2016.<\/b><\/span><\/p>\n<ol>\n<li><span style=\"font-size: small;\"><i>gr<\/i><\/span><\/li>\n<\/ol>\n<p><span style=\"font-size: small;\">F\u00e9lagi\u00f0 heitir Gilf\u00e9lagi\u00f0, samt\u00f6k \u00e1hugaf\u00f3lks um listami\u00f0st\u00f6\u00f0 \u00ed Gr\u00f3fargili. L\u00f6gheimili \u00feess og varnar\u00feing er \u00e1 Akureyri.<\/span><\/p>\n<ol start=\"2\">\n<li><span style=\"font-size: small;\"><i>gr<\/i><\/span><\/li>\n<\/ol>\n<p><span style=\"font-size: small;\">Markmi\u00f0 f\u00e9lagsins er a\u00f0 efla listsk\u00f6pun og listflutning me\u00f0 \u00fev\u00ed m.a. a\u00f0 skapa lista- og handverksf\u00f3lki a\u00f0st\u00f6\u00f0u til a\u00f0 i\u00f0ka list s\u00edna og b\u00faa \u00fev\u00ed sem best athvarf til a\u00f0 s\u00fdna hana og flytja.<\/span><\/p>\n<ol start=\"3\">\n<li><span style=\"font-size: small;\"><i>gr<\/i><\/span><\/li>\n<\/ol>\n<p><span style=\"font-size: small;\">Markmi\u00f0 s\u00ednu hyggst f\u00e9lagi\u00f0 n\u00e1 me\u00f0 \u00fev\u00ed a\u00f0:<\/span><\/p>\n<ol>\n<li><span style=\"font-size: small;\">Standa a\u00f0 rekstri gestavinnustofu me\u00f0 og \u00ed samvinnu vi\u00f0 Akureyrarb\u00e6. Um \u00feann rekstur gildir s\u00e9rst\u00f6k regluger\u00f0.<\/span><\/li>\n<li><span style=\"font-size: small;\">Stu\u00f0la a\u00f0 betra uppl\u00fdsingafl\u00e6\u00f0 um listir og listastarfsemi \u00e1samt b\u00e6ttu skipulagi listmi\u00f0lunar og aukinni umfj\u00f6llun um listir \u00ed fj\u00f6lmi\u00f0lum.<\/span><\/li>\n<li><span style=\"font-size: small;\">Eiga samstarf vi\u00f0 samt\u00f6k listamanna og f\u00e9l\u00f6g sem hafa sk\u00f6pun, flutning og s\u00fdningu listar \u00e1 stefnuskr\u00e1 sinni.<\/span><\/li>\n<li><span style=\"font-size: small;\">Stefna a\u00f0 \u00fev\u00ed a\u00f0 Akureyri ver\u00f0i eftirs\u00f3karver\u00f0 listvin.<\/span><\/li>\n<\/ol>\n<ol start=\"4\">\n<li><span style=\"font-size: small;\"><i>gr<\/i><\/span><\/li>\n<\/ol>\n<p><span style=\"font-size: small;\">F\u00e9lagar geta allir or\u00f0i\u00f0 sem \u00e1huga hafa og vinna vilja a\u00f0 markmi\u00f0um f\u00e9lagsins.<\/span><\/p>\n<ol start=\"5\">\n<li><span style=\"font-size: small;\"><i>gr<\/i><\/span><\/li>\n<\/ol>\n<p><span style=\"font-size: small;\">F\u00e9lagi\u00f0 aflar s\u00e9r tekna me\u00f0:<\/span><\/p>\n<ol>\n<li><span style=\"font-size: small;\">F\u00e9lagsgj\u00f6ldum<\/span><\/li>\n<li><span style=\"font-size: small;\">Sj\u00e1lfbo\u00f0avinnu og \/ e\u00f0a gjafaframl\u00f6gum.<\/span><\/li>\n<li><span style=\"font-size: small;\">Styrkjum fr\u00e1 einstaklingum, fyrirt\u00e6kjum og stofnunum.<\/span><\/li>\n<li><span style=\"font-size: small;\">S\u00f6lu \u00e1 augl\u00fdsingum \u00ed \u00feeim mi\u00f0lum sem f\u00e9lagi\u00f0 r\u00e6\u00f0ur yfir.<\/span><\/li>\n<\/ol>\n<ol start=\"6\">\n<li><span style=\"font-size: small;\"><i>gr<\/i><\/span><\/li>\n<\/ol>\n<p><span style=\"font-size: small;\">A\u00f0alfundur fer me\u00f0 \u00e6\u00f0sta vald f\u00e9lagsins og r\u00e9tt til setu \u00e1 a\u00f0alfundi eiga allir f\u00e9lagar sem greitt hafa f\u00e9lagsgjald fyrir a\u00f0alfund. Stj\u00f3rnin fer me\u00f0 \u00e6\u00f0sta vald milli a\u00f0alfunda.<\/span><\/p>\n<ol start=\"7\">\n<li><span style=\"font-size: small;\"><i>gr<\/i><\/span><\/li>\n<\/ol>\n<p><span style=\"font-size: small;\">A\u00f0alfund f\u00e9lagsins skal halda fyrir lok ma\u00edm\u00e1na\u00f0ar \u00e1r hvert. A\u00f0alfund skal bo\u00f0a skriflega me\u00f0 14 daga fyrrivara og gildir dagsetning p\u00f3ststimpils. Einnig skal augl\u00fdsa\u00a0hann \u00ed einum prentmi\u00f0li og \u00e1 veraldarvefnum.<\/span><span style=\"font-size: small;\">.<\/span> <span style=\"font-size: small;\">A\u00f0alfundabo\u00f0i skal fylgja dagskr\u00e1 og till\u00f6gur um lagabreytingar, sem \u00feurfa a\u00f0 hafa borist stj\u00f3rn f\u00e9algsins \u00e1\u00f0ur en a\u00f0alfundarbo\u00f0 er sent \u00fat.<\/span><\/p>\n<p><span style=\"font-size: small;\">Fastir dagskr\u00e1rli\u00f0ir eru:<\/span><\/p>\n<ol>\n<li><span style=\"font-size: small;\">Sk\u00fdrsla stj\u00f3rnar.<\/span><\/li>\n<li><span style=\"font-size: small;\">Endursko\u00f0a\u00f0ir reikningar lag\u00f0ir fram.<\/span><\/li>\n<li><span style=\"font-size: small;\">\u00c1kv\u00f6r\u00f0un \u00e1rgjalds.<\/span><\/li>\n<li><span style=\"font-size: small;\">Kosning formanns og stj\u00f3rnar.<\/span><\/li>\n<li><span style=\"font-size: small;\">\u00d6nnur m\u00e1l.<\/span><\/li>\n<\/ol>\n<ol start=\"8\">\n<li><span style=\"font-size: small;\"><i>gr<\/i><\/span><\/li>\n<\/ol>\n<p><span style=\"font-size: small;\">Forma\u00f0ur skal kosinn beinni og leynilegri kosningu. Auk hans eru kosnir fj\u00f3rir \u00ed stj\u00f3rn er skipta me\u00f0 s\u00e9r verkum gjaldkera, ritara, auk tveggja me\u00f0stj\u00f3rnenda. Einnig skal kj\u00f3sa tvo varamenn \u00ed stj\u00f3rnina og tvo endursko\u00f0endur. Kj\u00f6rt\u00edmabil formanns er eitt \u00e1r. Kj\u00f6rt\u00edmabil annarra stj\u00f3rnarmanna og varamanna er tv\u00f6 \u00e1r.<\/span><\/p>\n<ol start=\"9\">\n<li><span style=\"font-size: small;\"><i>gr<\/i><\/span><\/li>\n<\/ol>\n<p><span style=\"font-size: small;\">Stj\u00f3rn getur kalla\u00f0 saman f\u00e9lagsfund telji h\u00fan nau\u00f0syn bera til. Stj\u00f3rnin ber a\u00f0 halda f\u00e9lagsfund ef 20% f\u00e9lagsmanna \u00f3ska \u00feess skriflega. Sl\u00edka fundi skal bo\u00f0a \u00f6llum f\u00e9l\u00f6gum me\u00f0 a.m.k. tveggja daga fyrirvara.<\/span><\/p>\n<ol start=\"10\">\n<li><span style=\"font-size: small;\"><i>gr<\/i><\/span><\/li>\n<\/ol>\n<p><span style=\"font-size: small;\">F\u00e9lagsmenn bera sameiginlega \u00e1byrg\u00f0 \u00e1 rekstri f\u00e9lagsins og \u00feeim skuldbindingum sem f\u00e9lagi\u00f0 hefur teki\u00f0.<\/span><\/p>\n<ol start=\"11\">\n<li><span style=\"font-size: small;\"><i>gr<\/i><\/span><\/li>\n<\/ol>\n<p><span style=\"font-size: small;\">Stj\u00f3rnin m\u00e1 a\u00f0eins taka n\u00fdjar fj\u00e1rhagslegar skuldbindingar fyrir h\u00f6nd f\u00e9lagsins samkv\u00e6mt sam\u00feykkt a\u00f0alfundar e\u00f0a s\u00e9rstaklega bo\u00f0a\u00f0s f\u00e9lagsfundar.<\/span><\/p>\n<ol start=\"12\">\n<li><span style=\"font-size: small;\"><i>gr<\/i><\/span><\/li>\n<\/ol>\n<p><span style=\"font-size: small;\">Til a\u00f0 breyta l\u00f6gum f\u00e9lagsins \u00fearf sam\u00feykki 2\/3 hluta fundarmanna \u00e1 a\u00f0alfundi og till\u00f6gur um lagabreytingar a\u00f0 hafa veri\u00f0 kynntar \u00ed a\u00f0alfundarbo\u00f0i sbr. grein 7.<\/span><\/p>\n<ol start=\"13\">\n<li><span style=\"font-size: small;\"><i>gr<\/i><\/span><\/li>\n<\/ol>\n<p><span style=\"font-size: small;\">L\u00f6g \u00feessi \u00f6\u00f0last \u00feegar gildi.<\/span><\/p>\n<p><span style=\"font-size: small;\">Akureyri 01.06.2007<\/span><\/p>\n","protected":false},"excerpt":{"rendered":"<p>L\u00d6G GILF\u00c9LAGSINS SAM\u00deYKKT \u00c1 A\u00d0ALFUNDI 20.06.92 OG ME\u00d0 SAM\u00deYKKTUM BREYTINGUM S\u00cd\u00d0ARI A\u00d0ALFUNDA, S\u00cd\u00d0AST 2016. gr F\u00e9lagi\u00f0 heitir Gilf\u00e9lagi\u00f0, samt\u00f6k \u00e1hugaf\u00f3lks um listami\u00f0st\u00f6\u00f0 \u00ed Gr\u00f3fargili. L\u00f6gheimili \u00feess og varnar\u00feing er \u00e1 Akureyri. gr Markmi\u00f0 f\u00e9lagsins er a\u00f0 efla listsk\u00f6pun&#46;&#46;&#46;<\/p>\n","protected":false},"author":3,"featured_media":0,"parent":138,"menu_order":4,"comment_status":"closed","ping_status":"closed","template":"","meta":{"_exactmetrics_skip_tracking":false,"_exactmetrics_sitenote_active":false,"_exactmetrics_sitenote_note":"","_exactmetrics_sitenote_category":0,"footnotes":""},"class_list":["post-425","page","type-page","status-publish","hentry"],"_links":{"self":[{"href":"https:\/\/listagil.is\/index.php?rest_route=\/wp\/v2\/pages\/425","targetHints":{"allow":["GET"]}}],"collection":[{"href":"https:\/\/listagil.is\/index.php?rest_route=\/wp\/v2\/pages"}],"about":[{"href":"https:\/\/listagil.is\/index.php?rest_route=\/wp\/v2\/types\/page"}],"author":[{"embeddable":true,"href":"https:\/\/listagil.is\/index.php?rest_route=\/wp\/v2\/users\/3"}],"replies":[{"embeddable":true,"href":"https:\/\/listagil.is\/index.php?rest_route=%2Fwp%2Fv2%2Fcomments&post=425"}],"version-history":[{"count":3,"href":"https:\/\/listagil.is\/index.php?rest_route=\/wp\/v2\/pages\/425\/revisions"}],"predecessor-version":[{"id":557,"href":"https:\/\/listagil.is\/index.php?rest_route=\/wp\/v2\/pages\/425\/revisions\/557"}],"up":[{"embeddable":true,"href":"https:\/\/listagil.is\/index.php?rest_route=\/wp\/v2\/pages\/138"}],"wp:attachment":[{"href":"https:\/\/listagil.is\/index.php?rest_route=%2Fwp%2Fv2%2Fmedia&parent=425"}],"curies":[{"name":"wp","href":"https:\/\/api.w.org\/{rel}","templated":true}]}}