{"id":138,"date":"2016-02-07T22:50:19","date_gmt":"2016-02-07T22:50:19","guid":{"rendered":"http:\/\/listagil.is\/?page_id=138"},"modified":"2025-07-15T20:47:50","modified_gmt":"2025-07-15T20:47:50","slug":"gilfelagid","status":"publish","type":"page","link":"https:\/\/listagil.is\/?page_id=138","title":{"rendered":"Gilf\u00e9lagi\u00f0"},"content":{"rendered":"\n<p>Gilf\u00e9lagi\u00f0 &nbsp;var formlega stofna\u00f0 30. n\u00f3vember 1991. Starfsemi Gilf\u00e9lagsins er styrkt af Akureyrarb\u00e6 og hefur \u00fea\u00f0 umsj\u00f3n me\u00f0 &nbsp;Deiglunni og gestavinnustofu. Markmi\u00f0 f\u00e9lagsins er a\u00f0 efla menningar- og listal\u00edf \u00ed b\u00e6num, auka tengls almennings vi\u00f0 listir og koma \u00e1 samskiptum nor\u00f0lenskra listamanna vi\u00f0 innlenda og erlenda listamenn.<\/p>\n\n\n\n<p>F\u00e9lagar \u00ed Gilf\u00e9laginu eru u.\u00fe.b hundra\u00f0 og fimmt\u00edu talsins.<br>Allir eru velkomnir a\u00f0 gerast f\u00e9lagar. Gilf\u00e9lagar sty\u00f0ja okkur vi\u00f0 a\u00f0 halda fj\u00f6lbreytta menningarvi\u00f0bur\u00f0i allt \u00e1ri\u00f0 um kring. \u00c1samt stu\u00f0nings vi\u00f0 menningarstarfsemi \u00fe\u00e1 f\u00e1 Gilf\u00e9lagar afsl\u00e1tt \u00e1 leigu \u00e1 Deiglunni \u00e1samt \u00f6\u00f0rum vi\u00f0bur\u00f0um s.s. m\u00f6rku\u00f0um og \u00feessh\u00e1ttar. Gilf\u00e9lagar f\u00e1 einnig \u00f3keypis a\u00f0gang inn \u00e1 Listasafni\u00f0 \u00e1 Akureyri. \u00c1rgjald er 3.500 kr. fyrir starfs\u00e1ri\u00f0 2023\/24.<\/p>\n\n\n\n<p>Til a\u00f0 gerast f\u00e9lagi er best a\u00f0 senda t\u00f6lvup\u00f3st \u00e1 gilfelag@listagil.is me\u00f0 nafni og kennit\u00f6lu.<\/p>\n\n\n\n<p><strong>Stj\u00f3rn Gilf\u00e9lagsins starfs\u00e1ri\u00f0 2024\/25 :<\/strong><\/p>\n\n\n\n<p>A\u00f0alsteinn \u00de\u00f3rsson, forma\u00f0ur<\/p>\n\n\n\n<p>Kar\u00f3l\u00edna Baldvinsd\u00f3ttir, ritari<\/p>\n\n\n\n<p>Brynd\u00eds S\u00edmonard\u00f3ttir, gjaldkeri<\/p>\n\n\n\n<p>Joris Rademaker, me\u00f0stj\u00f3rnandi<\/p>\n\n\n\n<p>Anna Richardsd\u00f3ttir, me\u00f0stj\u00f3rnandi<\/p>\n\n\n\n<p>Arna Gu\u00f0n\u00fd Valsd\u00f3ttir, varama\u00f0ur<\/p>\n\n\n\n<p>Gillian Pokalo, varama\u00f0ur<\/p>\n\n\n\n<p>Sko\u00f0unarmenn reikninga eru Kristj\u00e1n Helgason og \u00de\u00f3ra Karlsd\u00f3ttir.<\/p>\n\n\n\n<p><strong>\u00dathlutunarnefnd Gestavinnustofu:<\/strong><\/p>\n\n\n\n<p>Fr\u00ed\u00f0a Karlsd\u00f3ttir<\/p>\n\n\n\n<p>\u00d3lafur Sveinsson<\/p>\n\n\n\n<p>S\u00f3ley Bj\u00f6rk Stef\u00e1nsd\u00f3ttir<\/p>\n","protected":false},"excerpt":{"rendered":"<p>Gilf\u00e9lagi\u00f0 &nbsp;var formlega stofna\u00f0 30. n\u00f3vember 1991. Starfsemi Gilf\u00e9lagsins er styrkt af Akureyrarb\u00e6 og hefur \u00fea\u00f0 umsj\u00f3n me\u00f0 &nbsp;Deiglunni og gestavinnustofu. Markmi\u00f0 f\u00e9lagsins er a\u00f0 efla menningar- og listal\u00edf \u00ed b\u00e6num, auka tengls almennings vi\u00f0 listir og koma&#46;&#46;&#46;<\/p>\n","protected":false},"author":1,"featured_media":0,"parent":0,"menu_order":0,"comment_status":"closed","ping_status":"closed","template":"","meta":{"_exactmetrics_skip_tracking":false,"_exactmetrics_sitenote_active":false,"_exactmetrics_sitenote_note":"","_exactmetrics_sitenote_category":0,"footnotes":""},"class_list":["post-138","page","type-page","status-publish","hentry"],"_links":{"self":[{"href":"https:\/\/listagil.is\/index.php?rest_route=\/wp\/v2\/pages\/138","targetHints":{"allow":["GET"]}}],"collection":[{"href":"https:\/\/listagil.is\/index.php?rest_route=\/wp\/v2\/pages"}],"about":[{"href":"https:\/\/listagil.is\/index.php?rest_route=\/wp\/v2\/types\/page"}],"author":[{"embeddable":true,"href":"https:\/\/listagil.is\/index.php?rest_route=\/wp\/v2\/users\/1"}],"replies":[{"embeddable":true,"href":"https:\/\/listagil.is\/index.php?rest_route=%2Fwp%2Fv2%2Fcomments&post=138"}],"version-history":[{"count":14,"href":"https:\/\/listagil.is\/index.php?rest_route=\/wp\/v2\/pages\/138\/revisions"}],"predecessor-version":[{"id":4333,"href":"https:\/\/listagil.is\/index.php?rest_route=\/wp\/v2\/pages\/138\/revisions\/4333"}],"wp:attachment":[{"href":"https:\/\/listagil.is\/index.php?rest_route=%2Fwp%2Fv2%2Fmedia&parent=138"}],"curies":[{"name":"wp","href":"https:\/\/api.w.org\/{rel}","templated":true}]}}