{"id":1129,"date":"2018-06-07T16:13:37","date_gmt":"2018-06-07T16:13:37","guid":{"rendered":"http:\/\/listagil.is\/?page_id=1129"},"modified":"2020-06-19T14:50:08","modified_gmt":"2020-06-19T14:50:08","slug":"reglur-uthlutunarnefndar","status":"publish","type":"page","link":"https:\/\/listagil.is\/?page_id=1129","title":{"rendered":"Reglur \u00fathlutunarnefndar"},"content":{"rendered":"<h2><b>Vinnureglur fyrir \u00dathlutunarnefnd <\/b><b>Gestavinnustofu Gilf\u00e9lagsins \u00e1 Akureyri<\/b><\/h2>\n<ul>\n<li>S\u00e9rst\u00f6k \u00fathlutunarnefnd s\u00e9r um \u00fathlutun t\u00edma \u00ed Gestavinnustofunni.<\/li>\n<li>Stj\u00f3rn Gilf\u00e9lags er kosin \u00e1 a\u00f0alfundi og mun h\u00fan skipa einn fulltr\u00faa \u00far stj\u00f3rninni \u00ed \u00fathlutunarnefnd sem jafnframt er forma\u00f0ur hennar.<\/li>\n<li>Stj\u00f3rn skipar tvo Gilf\u00e9laga s\u00e9r til fulltingis. Tillaga um \u00fe\u00e1 er l\u00f6g\u00f0 fram \u00e1 stj\u00f3rnarfundi.<\/li>\n<li>Ums\u00f3knarfrestur er \u00e1kve\u00f0inn af stj\u00f3rn Gilf\u00e9lagsins \u00ed samr\u00e1\u00f0i vi\u00f0 \u00fathlutunarnefnd en skal vera \u00ed s\u00ed\u00f0asta lagi \u00a01. \u00e1g\u00fast fyrir \u00e1ri\u00f0 \u00e1 eftir og ber a\u00f0 augl\u00fdsa \u00fea\u00f0 me\u00f0 sex vikna fyrirvara.\n<ul>\n<li>Eftir a\u00f0 ums\u00f3knarfrestur er li\u00f0inn ber a\u00f0 tilkynna listam\u00f6nnum um ni\u00f0urst\u00f6\u00f0ur \u00ed s\u00ed\u00f0asta lagi m\u00e1nu\u00f0i seinna. Lagt er til a\u00f0 listamenn efst \u00e1 lista s\u00e9 tilkynnt vali\u00f0 innan tveggja vikna og \u00fe\u00e1 gefst gott svigr\u00fam til a\u00f0 bj\u00f3\u00f0a n\u00e6sta ef fyrsta val af\u00feakkar.<\/li>\n<\/ul>\n<\/li>\n<\/ul>\n<p><strong>Tilgangur Gestavinnustofu er:<\/strong><\/p>\n<ol>\n<li>A\u00f0 gefa listam\u00f6nnum t\u00e6kif\u00e6ri \u00e1 a\u00f0 helga sig list sinni me\u00f0 \u00fev\u00ed a\u00f0 leggja \u00feeim til h\u00fasn\u00e6\u00f0i \u00ed 1 &#8211; 2 m\u00e1nu\u00f0i.<\/li>\n<li>A\u00f0 Akureyringar f\u00e1i t\u00e6kif\u00e6ri til a\u00f0 kynnast utana\u00f0komandi listam\u00f6nnum.<\/li>\n<li>A\u00f0 efla al\u00fej\u00f3\u00f0leg samskipti \u00e1 svi\u00f0i lista.<\/li>\n<\/ol>\n<p><strong>Eftirfarandi atri\u00f0i eru h\u00f6f\u00f0 \u00ed huga vi\u00f0 val \u00e1 listam\u00f6nnum.<\/strong><\/p>\n<ol>\n<li>Listr\u00e6nt starf<\/li>\n<li>G\u00e6\u00f0i ums\u00f3knar og erindi verkefnis til Akureyrar<\/li>\n<li>St\u00f6rf \u00ed \u00fe\u00e1gu listarinnar s.s. Kennsla, ranns\u00f3knarst\u00f6rf, ritst\u00f6rf og f\u00e9lagsst\u00f6rf.<\/li>\n<li>Hvort ums\u00e6kjendur hafi fengi\u00f0 samsvarar styrki \u00e1\u00f0ur.<\/li>\n<\/ol>\n<ul>\n<li>Allir listamenn s.s. t\u00f3nsk\u00e1ld, lj\u00f3smyndarar, arkitektar og fl. geta s\u00f3tt um dv\u00f6l \u00ed vinnustofunni en a\u00f0 \u00f6llu j\u00f6fn gengur h\u00e6fur myndlistarma\u00f0ur fyrir. Hafi ums\u00e6kjandi dvali\u00f0 \u00ed gestavinnustofunni innan sl. 5 \u00e1ra ganga a\u00f0rir fyrir. Ath. hvort vi\u00f0 bj\u00f3\u00f0um ekki \u00f6rugglega upp \u00e1 allt sem \u00fearf til a\u00f0 verkefni \u00feeirra geti or\u00f0i\u00f0 a\u00f0 veruleika.<\/li>\n<li>Umsj\u00f3narma\u00f0ur Gestavinnustofu hefur umsj\u00f3n me\u00f0 h\u00fasn\u00e6\u00f0inu og s\u00e9r um a\u00f0:<\/li>\n<li>\u00cdb\u00fa\u00f0in s\u00e9 hrein og s\u00e6ngurver, handkl\u00e6\u00f0i og fl. tilb\u00fai\u00f0 til notkunar.<\/li>\n<li>Afhenda lykil og s\u00fdna \u00edb\u00fa\u00f0ina, \u00fatsk\u00fdra a\u00f0st\u00e6\u00f0ur, internet, s\u00edmanotkun og fleira. Taka \u00e1 m\u00f3ti 10.000 kr. \u00ferifatryggingu og passa upp \u00e1.<\/li>\n<li>Kynna \u00feeim fyrir Akureyri, mi\u00f0b\u00e6num, str\u00e6t\u00f3 og fl.<\/li>\n<li>Tilkynna listamanni ef um upp\u00e1komu \u00ed Deiglu er a\u00f0 r\u00e6\u00f0a.<\/li>\n<li>Kve\u00f0ja og afhenda listamanni \u00ferifatryggingu gefi\u00f0 a\u00f0 \u00edb\u00fa\u00f0in s\u00e9 eins og listama\u00f0ur kom a\u00f0 henni.<\/li>\n<li>Ef dvalargestur hefur or\u00f0i\u00f0 valdur a\u00f0 skemmdum, ekki hreinsa\u00f0 eftir sig, e\u00f0a fjarl\u00e6gt \u00fea\u00f0 sem er eign vinnustofunnar, \u00fe\u00e1 metur stj\u00f3rn a\u00f0st\u00e6\u00f0ur og getur gert kr\u00f6fu um grei\u00f0slu kostna\u00f0ar vegna endurn\u00fdjunar, hreingerningar e\u00f0a \u00fea\u00f0 sem \u00e1 vi\u00f0 hverju sinni.<\/li>\n<\/ul>\n<p><strong>Grei\u00f0slufyrirkomulag<\/strong><\/p>\n<ul>\n<li>Ver\u00f0 fyrir dv\u00f6l er \u00e1kve\u00f0in af stj\u00f3rn Gilf\u00e9lagsins \u00ed samr\u00e1\u00f0i vi\u00f0 \u00fathlutunarnefnd fyrir hvert \u00fathlutunart\u00edmabil. Um er a\u00f0 r\u00e6\u00f0a m\u00e1na\u00f0argjald fyrir einn listamann, tvo listamenn og sta\u00f0festingargjald.<\/li>\n<li>\u00deegar listamenn hafa veri\u00f0 valdir skulu \u00feau grei\u00f0a sta\u00f0festingargjald innan tveggja vikna.<\/li>\n<li>90 d\u00f6gum fyrir upphafsdag dvalar skulu \u00feau hafa greitt fullt gjald.<\/li>\n<li>Ef listama\u00f0ur s\u00e9r sig ekki f\u00e6rt um a\u00f0 dvelja \u00ed gestavinnustofunni er endurgrei\u00f0slufyrirkomulag sem h\u00e9r segir:\n<ul>\n<li>90 d\u00f6gum fyrir upphafsdag dvalar er endurgreitt a\u00f0 fullu nema sta\u00f0festingargjald<\/li>\n<li>60 d\u00f6gum fyrir er 50% endurgrei\u00f0sla<\/li>\n<li>Afb\u00f3kanir sem berast eftir \u00feennan t\u00edma eru ekki endurgreiddar.<\/li>\n<\/ul>\n<\/li>\n<li>Stj\u00f3rn Gilf\u00e9lagsins gefur s\u00e9r r\u00e9tt til a\u00f0 gera undantekningar vi\u00f0 \u00f3venjulegar a\u00f0st\u00e6\u00f0ur.<\/li>\n<\/ul>\n","protected":false},"excerpt":{"rendered":"<p>Vinnureglur fyrir \u00dathlutunarnefnd Gestavinnustofu Gilf\u00e9lagsins \u00e1 Akureyri S\u00e9rst\u00f6k \u00fathlutunarnefnd s\u00e9r um \u00fathlutun t\u00edma \u00ed Gestavinnustofunni. Stj\u00f3rn Gilf\u00e9lags er kosin \u00e1 a\u00f0alfundi og mun h\u00fan skipa einn fulltr\u00faa \u00far stj\u00f3rninni \u00ed \u00fathlutunarnefnd sem jafnframt er forma\u00f0ur hennar. Stj\u00f3rn skipar&#46;&#46;&#46;<\/p>\n","protected":false},"author":3,"featured_media":0,"parent":1119,"menu_order":0,"comment_status":"closed","ping_status":"closed","template":"","meta":{"_exactmetrics_skip_tracking":false,"_exactmetrics_sitenote_active":false,"_exactmetrics_sitenote_note":"","_exactmetrics_sitenote_category":0,"footnotes":""},"class_list":["post-1129","page","type-page","status-publish","hentry"],"_links":{"self":[{"href":"https:\/\/listagil.is\/index.php?rest_route=\/wp\/v2\/pages\/1129","targetHints":{"allow":["GET"]}}],"collection":[{"href":"https:\/\/listagil.is\/index.php?rest_route=\/wp\/v2\/pages"}],"about":[{"href":"https:\/\/listagil.is\/index.php?rest_route=\/wp\/v2\/types\/page"}],"author":[{"embeddable":true,"href":"https:\/\/listagil.is\/index.php?rest_route=\/wp\/v2\/users\/3"}],"replies":[{"embeddable":true,"href":"https:\/\/listagil.is\/index.php?rest_route=%2Fwp%2Fv2%2Fcomments&post=1129"}],"version-history":[{"count":4,"href":"https:\/\/listagil.is\/index.php?rest_route=\/wp\/v2\/pages\/1129\/revisions"}],"predecessor-version":[{"id":2395,"href":"https:\/\/listagil.is\/index.php?rest_route=\/wp\/v2\/pages\/1129\/revisions\/2395"}],"up":[{"embeddable":true,"href":"https:\/\/listagil.is\/index.php?rest_route=\/wp\/v2\/pages\/1119"}],"wp:attachment":[{"href":"https:\/\/listagil.is\/index.php?rest_route=%2Fwp%2Fv2%2Fmedia&parent=1129"}],"curies":[{"name":"wp","href":"https:\/\/api.w.org\/{rel}","templated":true}]}}