{"id":1119,"date":"2018-06-07T16:09:15","date_gmt":"2018-06-07T16:09:15","guid":{"rendered":"http:\/\/listagil.is\/?page_id=1119"},"modified":"2025-06-26T11:24:49","modified_gmt":"2025-06-26T11:24:49","slug":"gestavinnustofa","status":"publish","type":"page","link":"https:\/\/listagil.is\/?page_id=1119","title":{"rendered":"Gestavinnustofa Gilf\u00e9lagsins"},"content":{"rendered":"\n<div class=\"wp-block-group\"><div class=\"wp-block-group__inner-container is-layout-flow wp-block-group-is-layout-flow\">\n<h4 class=\"wp-block-heading\"><strong>R\u00fdmi fyrir listr\u00e6na vinnu, ranns\u00f3knir, n\u00fd kynni og s\u00fdningar.<\/strong><\/h4>\n\n\n\n<p>Vi\u00f0 t\u00f6kum vi\u00f0 ums\u00f3knum vegna \u00e1rsins 2026 til 15. \u00e1g\u00fast 2025.<\/p>\n\n\n\n<p>Til a\u00f0 komast \u00ed ums\u00f3knareyubla\u00f0 smelli\u00f0 <a href=\"https:\/\/docs.google.com\/forms\/d\/e\/1FAIpQLSdY4K_CrM2DFbRqBJLhsbGifB1_l5nJ_C76L74ySXvbqU_Fpw\/viewform\">https:\/\/forms.gle\/QtrmcM4zGVtBg7Wp9<\/a><\/p>\n\n\n\n<p>Gjald fyrir m\u00e1nu\u00f0inn er 105.000 kr. fyrir listamanninn. Vi\u00f0b\u00f3targjald fyrir annan listamann\/f\u00e9laga\/gest er 60.000 kr. fyrir m\u00e1nu\u00f0inn.<\/p>\n\n\n\n<p>Sta\u00f0festingargjald 25.000 kr. grei\u00f0ist \u00feegar ums\u00f3kn hefur veri\u00f0 sam\u00feykkt.<\/p>\n\n\n\n<p>Gestavinnustofa Gilf\u00e9lagsins er \u00ed Listagilinu \u00e1 Akureyri og hefur veri\u00f0 s\u00ed\u00f0an 1992. Markmi\u00f0 okkar er a\u00f0 \u00f6rva sk\u00f6punarg\u00e1fu me\u00f0 samskiptum vi\u00f0 n\u00e6rumhverfi\u00f0, listamenn og menningarstofnanir og leitumst vi\u00f0 a\u00f0 efla samskipti \u00e1 milli \u00fe\u00e1tttakenda og samf\u00e9lagsins.<\/p>\n\n\n\n<p>Vinnustofan er sta\u00f0sett \u00ed mi\u00f0b\u00e6 Akureyrar, n\u00e1nar tilteki\u00f0 \u00ed Listagilinu \u00fear sem eru vinnustofur listamanna, sj\u00e1lfst\u00e6tt rekin s\u00fdningarr\u00fdmi og Listasafni\u00f0 \u00e1 Akureyri \u00e1samt veitingast\u00f6\u00f0um og b\u00f6rum.<\/p>\n\n\n\n<p>Vi\u00f0 bj\u00f3\u00f0um myndlistarm\u00f6nnum a\u00f0 b\u00faa \u00e1 vinnustofunni. Um er a\u00f0 r\u00e6\u00f0a staka \u00edb\u00fa\u00f0 me\u00f0 eldh\u00fasi, ba\u00f0herbergi, svefnherbergi me\u00f0 eins og h\u00e1lfbrei\u00f0u r\u00fami og vinnustofu me\u00f0 interneti, tveimur vinnubor\u00f0um, hillum og svefns\u00f3fa. Innangegnt er \u00ed Deigluna, vi\u00f0bur\u00f0arr\u00fdmi\u00f0 okkar. Vi\u00f0 t\u00f6kum \u00e1 m\u00f3ti einum listamanni e\u00f0a pari \u00ed einu.<\/p>\n\n\n\n<p><\/p>\n<\/div><\/div>\n\n\n\n<figure class=\"wp-block-gallery has-nested-images columns-2 is-cropped wp-block-gallery-1 is-layout-flex wp-block-gallery-is-layout-flex\">\n<figure class=\"wp-block-image size-large is-style-default\"><a href=\"http:\/\/listagil.is\/wp-content\/uploads\/2024\/07\/gest5.jpg\"><img loading=\"lazy\" decoding=\"async\" width=\"1024\" height=\"746\" data-id=\"4395\" src=\"http:\/\/listagil.is\/wp-content\/uploads\/2024\/07\/gest5-1024x746.jpg\" alt=\"\" class=\"wp-image-4395\" srcset=\"https:\/\/listagil.is\/wp-content\/uploads\/2024\/07\/gest5-1024x746.jpg 1024w, https:\/\/listagil.is\/wp-content\/uploads\/2024\/07\/gest5-800x583.jpg 800w, https:\/\/listagil.is\/wp-content\/uploads\/2024\/07\/gest5-768x559.jpg 768w, https:\/\/listagil.is\/wp-content\/uploads\/2024\/07\/gest5.jpg 1200w\" sizes=\"auto, (max-width: 1024px) 100vw, 1024px\" \/><\/a><\/figure>\n\n\n\n<figure class=\"wp-block-image size-large\"><img loading=\"lazy\" decoding=\"async\" width=\"769\" height=\"1024\" data-id=\"4396\" src=\"https:\/\/listagil.is\/wp-content\/uploads\/2024\/07\/gest4-769x1024.jpg\" alt=\"\" class=\"wp-image-4396\" srcset=\"https:\/\/listagil.is\/wp-content\/uploads\/2024\/07\/gest4-769x1024.jpg 769w, https:\/\/listagil.is\/wp-content\/uploads\/2024\/07\/gest4-601x800.jpg 601w, https:\/\/listagil.is\/wp-content\/uploads\/2024\/07\/gest4-768x1023.jpg 768w, https:\/\/listagil.is\/wp-content\/uploads\/2024\/07\/gest4.jpg 901w\" sizes=\"auto, (max-width: 769px) 100vw, 769px\" \/><\/figure>\n\n\n\n<figure class=\"wp-block-image size-large\"><img loading=\"lazy\" decoding=\"async\" width=\"1024\" height=\"728\" data-id=\"4391\" src=\"https:\/\/listagil.is\/wp-content\/uploads\/2024\/07\/gest1-1024x728.jpg\" alt=\"\" class=\"wp-image-4391\" srcset=\"https:\/\/listagil.is\/wp-content\/uploads\/2024\/07\/gest1-1024x728.jpg 1024w, https:\/\/listagil.is\/wp-content\/uploads\/2024\/07\/gest1-800x569.jpg 800w, https:\/\/listagil.is\/wp-content\/uploads\/2024\/07\/gest1-768x546.jpg 768w, https:\/\/listagil.is\/wp-content\/uploads\/2024\/07\/gest1.jpg 1200w\" sizes=\"auto, (max-width: 1024px) 100vw, 1024px\" \/><\/figure>\n\n\n\n<figure class=\"wp-block-image size-large\"><a href=\"http:\/\/listagil.is\/wp-content\/uploads\/2024\/07\/gest3.jpg\"><img loading=\"lazy\" decoding=\"async\" width=\"1024\" height=\"763\" data-id=\"4392\" src=\"http:\/\/listagil.is\/wp-content\/uploads\/2024\/07\/gest3-1024x763.jpg\" alt=\"\" class=\"wp-image-4392\" srcset=\"https:\/\/listagil.is\/wp-content\/uploads\/2024\/07\/gest3-1024x763.jpg 1024w, https:\/\/listagil.is\/wp-content\/uploads\/2024\/07\/gest3-800x596.jpg 800w, https:\/\/listagil.is\/wp-content\/uploads\/2024\/07\/gest3-768x572.jpg 768w, https:\/\/listagil.is\/wp-content\/uploads\/2024\/07\/gest3.jpg 1200w\" sizes=\"auto, (max-width: 1024px) 100vw, 1024px\" \/><\/a><\/figure>\n\n\n\n<figure class=\"wp-block-image size-large\"><img loading=\"lazy\" decoding=\"async\" width=\"1024\" height=\"746\" data-id=\"4395\" src=\"https:\/\/listagil.is\/wp-content\/uploads\/2024\/07\/gest5-1024x746.jpg\" alt=\"\" class=\"wp-image-4395\" srcset=\"https:\/\/listagil.is\/wp-content\/uploads\/2024\/07\/gest5-1024x746.jpg 1024w, https:\/\/listagil.is\/wp-content\/uploads\/2024\/07\/gest5-800x583.jpg 800w, https:\/\/listagil.is\/wp-content\/uploads\/2024\/07\/gest5-768x559.jpg 768w, https:\/\/listagil.is\/wp-content\/uploads\/2024\/07\/gest5.jpg 1200w\" sizes=\"auto, (max-width: 1024px) 100vw, 1024px\" \/><\/figure>\n\n\n\n<figure class=\"wp-block-image size-large\"><img loading=\"lazy\" decoding=\"async\" width=\"1024\" height=\"719\" data-id=\"4393\" src=\"https:\/\/listagil.is\/wp-content\/uploads\/2024\/07\/gest6-1-1024x719.jpg\" alt=\"\" class=\"wp-image-4393\" srcset=\"https:\/\/listagil.is\/wp-content\/uploads\/2024\/07\/gest6-1-1024x719.jpg 1024w, https:\/\/listagil.is\/wp-content\/uploads\/2024\/07\/gest6-1-800x561.jpg 800w, https:\/\/listagil.is\/wp-content\/uploads\/2024\/07\/gest6-1-768x539.jpg 768w, https:\/\/listagil.is\/wp-content\/uploads\/2024\/07\/gest6-1.jpg 1200w\" sizes=\"auto, (max-width: 1024px) 100vw, 1024px\" \/><\/figure>\n\n\n\n<figure class=\"wp-block-image size-large\"><img loading=\"lazy\" decoding=\"async\" width=\"1024\" height=\"750\" data-id=\"4394\" src=\"https:\/\/listagil.is\/wp-content\/uploads\/2024\/07\/gest2-1024x750.jpg\" alt=\"\" class=\"wp-image-4394\" srcset=\"https:\/\/listagil.is\/wp-content\/uploads\/2024\/07\/gest2-1024x750.jpg 1024w, https:\/\/listagil.is\/wp-content\/uploads\/2024\/07\/gest2-800x586.jpg 800w, https:\/\/listagil.is\/wp-content\/uploads\/2024\/07\/gest2-768x563.jpg 768w, https:\/\/listagil.is\/wp-content\/uploads\/2024\/07\/gest2.jpg 1200w\" sizes=\"auto, (max-width: 1024px) 100vw, 1024px\" \/><\/figure>\n<\/figure>\n\n\n\n<p><\/p>\n","protected":false},"excerpt":{"rendered":"<p>R\u00fdmi fyrir listr\u00e6na vinnu, ranns\u00f3knir, n\u00fd kynni og s\u00fdningar. Vi\u00f0 t\u00f6kum vi\u00f0 ums\u00f3knum vegna \u00e1rsins 2026 til 15. \u00e1g\u00fast 2025. Til a\u00f0 komast \u00ed ums\u00f3knareyubla\u00f0 smelli\u00f0 https:\/\/forms.gle\/QtrmcM4zGVtBg7Wp9 Gjald fyrir m\u00e1nu\u00f0inn er 105.000 kr. fyrir listamanninn. Vi\u00f0b\u00f3targjald fyrir annan&#46;&#46;&#46;<\/p>\n","protected":false},"author":3,"featured_media":4389,"parent":0,"menu_order":1,"comment_status":"closed","ping_status":"closed","template":"","meta":{"_exactmetrics_skip_tracking":false,"_exactmetrics_sitenote_active":false,"_exactmetrics_sitenote_note":"","_exactmetrics_sitenote_category":0,"footnotes":""},"class_list":["post-1119","page","type-page","status-publish","has-post-thumbnail","hentry"],"_links":{"self":[{"href":"https:\/\/listagil.is\/index.php?rest_route=\/wp\/v2\/pages\/1119","targetHints":{"allow":["GET"]}}],"collection":[{"href":"https:\/\/listagil.is\/index.php?rest_route=\/wp\/v2\/pages"}],"about":[{"href":"https:\/\/listagil.is\/index.php?rest_route=\/wp\/v2\/types\/page"}],"author":[{"embeddable":true,"href":"https:\/\/listagil.is\/index.php?rest_route=\/wp\/v2\/users\/3"}],"replies":[{"embeddable":true,"href":"https:\/\/listagil.is\/index.php?rest_route=%2Fwp%2Fv2%2Fcomments&post=1119"}],"version-history":[{"count":32,"href":"https:\/\/listagil.is\/index.php?rest_route=\/wp\/v2\/pages\/1119\/revisions"}],"predecessor-version":[{"id":4959,"href":"https:\/\/listagil.is\/index.php?rest_route=\/wp\/v2\/pages\/1119\/revisions\/4959"}],"wp:featuredmedia":[{"embeddable":true,"href":"https:\/\/listagil.is\/index.php?rest_route=\/wp\/v2\/media\/4389"}],"wp:attachment":[{"href":"https:\/\/listagil.is\/index.php?rest_route=%2Fwp%2Fv2%2Fmedia&parent=1119"}],"curies":[{"name":"wp","href":"https:\/\/api.w.org\/{rel}","templated":true}]}}